{"id":6797,"date":"2025-02-24T19:28:52","date_gmt":"2025-02-24T19:28:52","guid":{"rendered":"https:\/\/srv22.fthm.hr\/cromar\/?page_id=6797"},"modified":"2026-04-13T11:51:23","modified_gmt":"2026-04-13T11:51:23","slug":"book-of-abstracts-congress-proceedings","status":"publish","type":"page","link":"https:\/\/cromar.fthm.hr\/index.php\/book-of-abstracts-congress-proceedings\/","title":{"rendered":"Book Of Abstracts &amp; Congress Proceedings"},"content":{"rendered":"\t\t<div data-elementor-type=\"wp-page\" data-elementor-id=\"6797\" class=\"elementor elementor-6797\">\n\t\t\t\t<div class=\"elementor-element elementor-element-aa79906 animated-fast e-flex e-con-boxed elementor-invisible e-con e-parent\" data-id=\"aa79906\" data-element_type=\"container\" data-settings=\"{&quot;background_background&quot;:&quot;classic&quot;,&quot;animation&quot;:&quot;h-neuron-animation--slideUp&quot;}\">\n\t\t\t\t\t<div class=\"e-con-inner\">\n\t\t\t\t<div class=\"elementor-element elementor-element-e0418db elementor-widget elementor-widget-heading\" data-id=\"e0418db\" data-element_type=\"widget\" data-widget_type=\"heading.default\">\n\t\t\t\t<div class=\"elementor-widget-container\">\n\t\t\t\t\t<h2 class=\"elementor-heading-title elementor-size-default\">CONGRESS PROCEEDINGS<\/h2>\t\t\t\t<\/div>\n\t\t\t\t<\/div>\n\t\t\t\t<div class=\"elementor-element elementor-element-028ed03 elementor-widget elementor-widget-heading\" data-id=\"028ed03\" data-element_type=\"widget\" data-widget_type=\"heading.default\">\n\t\t\t\t<div class=\"elementor-widget-container\">\n\t\t\t\t\t<h2 class=\"elementor-heading-title elementor-size-default\">29th cromar congress<\/h2>\t\t\t\t<\/div>\n\t\t\t\t<\/div>\n\t\t\t\t\t<\/div>\n\t\t\t\t<\/div>\n\t\t<div class=\"elementor-element elementor-element-6951e49 animated-fast e-flex e-con-boxed elementor-invisible e-con e-child\" data-id=\"6951e49\" data-element_type=\"container\" data-settings=\"{&quot;animation&quot;:&quot;h-neuron-animation--slideUp&quot;}\">\n\t\t\t\t\t<div class=\"e-con-inner\">\n\t\t\t\t<div class=\"elementor-element elementor-element-8a7a5aa elementor-widget elementor-widget-heading\" data-id=\"8a7a5aa\" data-element_type=\"widget\" data-widget_type=\"heading.default\">\n\t\t\t\t<div class=\"elementor-widget-container\">\n\t\t\t\t\t<h2 class=\"elementor-heading-title elementor-size-default\">CONGRESS PROCEEDINGS\n<\/h2>\t\t\t\t<\/div>\n\t\t\t\t<\/div>\n\t\t\t\t\t<\/div>\n\t\t\t\t<\/div>\n\t\t<div class=\"elementor-element elementor-element-c135a1e e-con-full e-flex e-con e-parent\" data-id=\"c135a1e\" data-element_type=\"container\">\n\t\t\t\t<div class=\"elementor-element elementor-element-b04f172 elementor-widget elementor-widget-text-editor\" data-id=\"b04f172\" data-element_type=\"widget\" data-widget_type=\"text-editor.default\">\n\t\t\t\t<div class=\"elementor-widget-container\">\n\t\t\t\t\t\t\t\t\t<ul>\n<li><font color=\"#3366ff\"><b>\u2022&nbsp;<\/b><\/font><a style=\"color: rgb(51, 102, 255); font-weight: bold;\" href=\"https:\/\/cromar.fthm.hr\/wp-content\/uploads\/2026\/04\/Title-page.pdf\">First Page<\/a><\/li>\n<li><font color=\"#3366ff\"><b>\u2022&nbsp;<\/b><\/font><a style=\"color: rgb(51, 102, 255); font-weight: bold;\" href=\"https:\/\/cromar.fthm.hr\/wp-content\/uploads\/2026\/04\/contents.pdf\">Contents<\/a><\/li>\n<\/ul>\t\t\t\t\t\t\t\t<\/div>\n\t\t\t\t<\/div>\n\t\t\t\t<div class=\"elementor-element elementor-element-fa1db0e elementor-widget elementor-widget-text-editor\" data-id=\"fa1db0e\" data-element_type=\"widget\" data-widget_type=\"text-editor.default\">\n\t\t\t\t<div class=\"elementor-widget-container\">\n\t\t\t\t\t\t\t\t\t<p><strong>Research papers<\/strong><\/p>\t\t\t\t\t\t\t\t<\/div>\n\t\t\t\t<\/div>\n\t\t\t\t<div class=\"elementor-element elementor-element-9ad4b4e elementor-widget elementor-widget-text-editor\" data-id=\"9ad4b4e\" data-element_type=\"widget\" data-widget_type=\"text-editor.default\">\n\t\t\t\t<div class=\"elementor-widget-container\">\n\t\t\t\t\t\t\t\t\t<p><span style=\"color: #0000ff;\"><a style=\"color: #0000ff;\" href=\"https:\/\/cromar.fthm.hr\/wp-content\/uploads\/2026\/04\/1_CROMAR2025_Full-paper_final_40.pdf\">STAVOVI I PONA\u0160ANJE MAJKI PRI KUPOVINI ZDRAVE HRANE<\/a><\/span><\/p><p>Ru\u017eica Bre\u010di\u0107<\/p>\t\t\t\t\t\t\t\t<\/div>\n\t\t\t\t<\/div>\n\t\t\t\t<div class=\"elementor-element elementor-element-e5830fe elementor-widget elementor-widget-text-editor\" data-id=\"e5830fe\" data-element_type=\"widget\" data-widget_type=\"text-editor.default\">\n\t\t\t\t<div class=\"elementor-widget-container\">\n\t\t\t\t\t\t\t\t\t<span style=\"color: #0000ff;\"><a style=\"color: #0000ff;\" href=\"https:\/\/cromar.fthm.hr\/wp-content\/uploads\/2026\/04\/2_CROMAR2025_Full-paper_final_10.pdf\">HOW ENVIRONMENTALLY RESPONSIBLE ARE TOURIST IN CAMPSITES? CAMPING TOURISM EXPERIENCE, LOYALTY AND SITE-SPECIFIC ENVIRONMENTALLY RESPONSIBLE BEHAVIOUR IN CROATIA AND PORTUGAL<\/a><\/span><br>\n\nTihana Cegur Radovi\u0107, M\u00e1rcio Ribeiro Martins, Ivan \u0160tedul\t\t\t\t\t\t\t\t<\/div>\n\t\t\t\t<\/div>\n\t\t\t\t<div class=\"elementor-element elementor-element-dc265f5 elementor-widget elementor-widget-text-editor\" data-id=\"dc265f5\" data-element_type=\"widget\" data-widget_type=\"text-editor.default\">\n\t\t\t\t<div class=\"elementor-widget-container\">\n\t\t\t\t\t\t\t\t\t<span style=\"color: #0000ff;\"><a style=\"color: #0000ff;\" href=\"https:\/\/cromar.fthm.hr\/wp-content\/uploads\/2026\/04\/3_CROMAR2025_Full-paper_final_14.pdf\">THE ROLE OF MARKET ANALYSIS IN THE INITIAL <\/a><\/span><span style=\"color: #0000ff;\">PHASES OF STARTUP DEVELOPMENT<\/span><br>\n\nSlavica Cicvari\u0107 Kosti\u0107, Ivan Todorovi\u0107, Milan Okanovi\u0107, Miha Mari\u010d\t\t\t\t\t\t\t\t<\/div>\n\t\t\t\t<\/div>\n\t\t\t\t<div class=\"elementor-element elementor-element-2b6b2fc elementor-widget elementor-widget-text-editor\" data-id=\"2b6b2fc\" data-element_type=\"widget\" data-widget_type=\"text-editor.default\">\n\t\t\t\t<div class=\"elementor-widget-container\">\n\t\t\t\t\t\t\t\t\t<span style=\"color: #0000ff;\"><a style=\"color: #0000ff;\" href=\"https:\/\/cromar.fthm.hr\/wp-content\/uploads\/2026\/04\/4_CROMAR2025_Full-paper_final_13.pdf\">ULOGA AMBALA\u017dE U SUVREMENOM MARKETINGU: PREGLED LITERATURE<\/a><\/span><br>\n\nNikola Dra\u0161kovi\u0107\t\t\t\t\t\t\t\t<\/div>\n\t\t\t\t<\/div>\n\t\t\t\t<div class=\"elementor-element elementor-element-b7792ac elementor-widget-tablet__width-initial elementor-widget elementor-widget-text-editor\" data-id=\"b7792ac\" data-element_type=\"widget\" data-widget_type=\"text-editor.default\">\n\t\t\t\t<div class=\"elementor-widget-container\">\n\t\t\t\t\t\t\t\t\t<span style=\"color: #0000ff;\"><a style=\"color: #0000ff;\" href=\"https:\/\/cromar.fthm.hr\/wp-content\/uploads\/2026\/04\/5_CROMAR2025_Full-paper_final_1.pdf\">CAUGHT IN THE SCROLL: THE ROLE OF FEAR OFMISSING OUT (FOMO) IN SOCIAL MEDIA<\/a><\/span>\n<span style=\"color: #0000ff;\">BEHAVIOR AND LIFE SATISFACTION AMONG GENERATION Z AND Y<\/span><br>\n\nNada Kaurin Kne\u017eevi\u0107, Lordan Kondi\u0107, Pavel Ljiljak\t\t\t\t\t\t\t\t<\/div>\n\t\t\t\t<\/div>\n\t\t\t\t<div class=\"elementor-element elementor-element-cfbd652 elementor-widget-tablet__width-initial elementor-widget elementor-widget-text-editor\" data-id=\"cfbd652\" data-element_type=\"widget\" data-widget_type=\"text-editor.default\">\n\t\t\t\t<div class=\"elementor-widget-container\">\n\t\t\t\t\t\t\t\t\t<span style=\"color: #0000ff;\"><a style=\"color: #0000ff;\" href=\"https:\/\/cromar.fthm.hr\/wp-content\/uploads\/2026\/04\/6_CROMAR2025_Full-paper_final_36.pdf\">BRAND EQUITY OF A HIGHER EDUCATION INSTITUTION \u2013 A CASE STUDY OF EFOS<\/a><\/span><br>\n\nMirna Leko \u0160imi\u0107, Ana Pap Vorkapi\u0107\t\t\t\t\t\t\t\t<\/div>\n\t\t\t\t<\/div>\n\t\t\t\t<div class=\"elementor-element elementor-element-1f226d8 elementor-widget-tablet__width-initial elementor-widget elementor-widget-text-editor\" data-id=\"1f226d8\" data-element_type=\"widget\" data-widget_type=\"text-editor.default\">\n\t\t\t\t<div class=\"elementor-widget-container\">\n\t\t\t\t\t\t\t\t\t<a href=\"https:\/\/cromar.fthm.hr\/wp-content\/uploads\/2026\/04\/7_CROMAR2025_Full-paper_final_33.pdf\"><span style=\"color: #0000ff;\">THE USE OF ARTIFICIAL INTELLIGENCE (AI) TECHNOLOGY AMONG MARKETING AGENCIES IN<\/span><\/a>\n<span style=\"color: #0000ff;\">THE REPUBLIC OF CROATIA<\/span><br>\n\nLara Ljubenovi\u0107, Erik Ru\u017ei\u0107\t\t\t\t\t\t\t\t<\/div>\n\t\t\t\t<\/div>\n\t\t\t\t<div class=\"elementor-element elementor-element-8aa1a12 elementor-widget-tablet__width-initial elementor-widget elementor-widget-text-editor\" data-id=\"8aa1a12\" data-element_type=\"widget\" data-widget_type=\"text-editor.default\">\n\t\t\t\t<div class=\"elementor-widget-container\">\n\t\t\t\t\t\t\t\t\t<p><a href=\"https:\/\/cromar.fthm.hr\/wp-content\/uploads\/2026\/04\/8_CROMAR2025_Full-paper_final_24.pdf\"><span style=\"color: #0000ff;\">PERSONALIZED DESTINATION MARKETING THROUGH AI: A THEORY DRIVEN BLUEPRINT FOR PRACTITIONERS THE USE OF ARTIFICIAL INTELLIGENCE (AI) TECHNOLOGY AMONG MARKETING AGENCIES IN <\/span><span style=\"color: #0000ff;\">THE REPUBLIC OF CROATIA<\/span><\/a><\/p><p>Miha Mari\u010d, Aila Civi\u0107, Tilen Matja\u0161i\u010d<\/p>\t\t\t\t\t\t\t\t<\/div>\n\t\t\t\t<\/div>\n\t\t\t\t<div class=\"elementor-element elementor-element-bdde163 elementor-widget-tablet__width-initial elementor-widget elementor-widget-text-editor\" data-id=\"bdde163\" data-element_type=\"widget\" data-widget_type=\"text-editor.default\">\n\t\t\t\t<div class=\"elementor-widget-container\">\n\t\t\t\t\t\t\t\t\t<span style=\"color: #0000ff;\"><a style=\"color: #0000ff;\" href=\"https:\/\/cromar.fthm.hr\/wp-content\/uploads\/2026\/04\/9_CROMAR2025_Full-paper_final_29.pdf\">DIGITAL CONSUMER EXPERIENCE: AN EMPIRICAL STUDY OF MOBILE APP USAGE\u00a0<\/a><\/span><br>\n\nIvana Pavli\u0107, Matea Mati\u0107, \u0160o\u0161i\u0107 Barbara Puh\t\t\t\t\t\t\t\t<\/div>\n\t\t\t\t<\/div>\n\t\t\t\t<div class=\"elementor-element elementor-element-8b0c310 elementor-widget-tablet__width-initial elementor-widget elementor-widget-text-editor\" data-id=\"8b0c310\" data-element_type=\"widget\" data-widget_type=\"text-editor.default\">\n\t\t\t\t<div class=\"elementor-widget-container\">\n\t\t\t\t\t\t\t\t\t<span style=\"color: #0000ff;\"><a style=\"color: #0000ff;\" href=\"https:\/\/cromar.fthm.hr\/wp-content\/uploads\/2026\/04\/10_CROMAR2025_Full-paper_final_41.pdf\">SUSTAINABLE FASHION &#8211; WHAT MATTERS TO GENERATION Z?<\/a><\/span><br>\n\nJuraj Ra\u0161i\u0107, Martina Mikrut Na\u0111sombat, Marija Eri\u0107\t\t\t\t\t\t\t\t<\/div>\n\t\t\t\t<\/div>\n\t\t\t\t<div class=\"elementor-element elementor-element-b17a281 elementor-widget-tablet__width-initial elementor-widget elementor-widget-text-editor\" data-id=\"b17a281\" data-element_type=\"widget\" data-widget_type=\"text-editor.default\">\n\t\t\t\t<div class=\"elementor-widget-container\">\n\t\t\t\t\t\t\t\t\t<p><span style=\"color: #0000ff;\"><a style=\"color: #0000ff;\" href=\"https:\/\/cromar.fthm.hr\/wp-content\/uploads\/2026\/04\/11_CROMAR2025_Full-paper_final_23.pdf\">BRANDING BARANJA: WINE ROADS ANDGASTRONOMIC HERITAGE AS TOOLS FOR DESTINATION MARKETING<\/a><\/span><\/p><p>Ivan Ru\u017ei\u0107, Lana Dom\u0161i\u0107, Petra Sta\u017ei\u0107<\/p>\t\t\t\t\t\t\t\t<\/div>\n\t\t\t\t<\/div>\n\t\t\t\t<div class=\"elementor-element elementor-element-28a7dba elementor-widget-tablet__width-initial elementor-widget elementor-widget-text-editor\" data-id=\"28a7dba\" data-element_type=\"widget\" data-widget_type=\"text-editor.default\">\n\t\t\t\t<div class=\"elementor-widget-container\">\n\t\t\t\t\t\t\t\t\t<span style=\"color: #0000ff;\"><a style=\"color: #0000ff;\" href=\"https:\/\/cromar.fthm.hr\/wp-content\/uploads\/2026\/04\/12_CROMAR2025_Full-paper_final_35.pdf\">RECONCEPTUALIZING SOCIAL VALUE IN ELECTRIC VEHICLE MARKET: IDENTITY ALIGNMENT AS A DRIVER OF PURCHASE INTENTIONS<\/a><\/span><br>\n\nAnita Suboti\u0107, Nina Anti\u010di\u0107\t\t\t\t\t\t\t\t<\/div>\n\t\t\t\t<\/div>\n\t\t\t\t<div class=\"elementor-element elementor-element-6cac973 elementor-widget-tablet__width-initial elementor-widget elementor-widget-text-editor\" data-id=\"6cac973\" data-element_type=\"widget\" data-widget_type=\"text-editor.default\">\n\t\t\t\t<div class=\"elementor-widget-container\">\n\t\t\t\t\t\t\t\t\t<span style=\"color: #0000ff;\"><a style=\"color: #0000ff;\" href=\"https:\/\/cromar.fthm.hr\/wp-content\/uploads\/2026\/04\/13_CROMAR2025_Full-paper_final_39.pdf\">THE POWER OF STORYTELLING IN ATTRACTING VISITORS AND DRIVING SALES<\/a><\/span><br>\n\nSanja Stameni\u0107 O\u0161tri\u0107\t\t\t\t\t\t\t\t<\/div>\n\t\t\t\t<\/div>\n\t\t\t\t<div class=\"elementor-element elementor-element-c07ee0c elementor-widget-tablet__width-initial elementor-widget elementor-widget-text-editor\" data-id=\"c07ee0c\" data-element_type=\"widget\" data-widget_type=\"text-editor.default\">\n\t\t\t\t<div class=\"elementor-widget-container\">\n\t\t\t\t\t\t\t\t\t<span style=\"color: #0000ff;\"><a style=\"color: #0000ff;\" href=\"https:\/\/cromar.fthm.hr\/wp-content\/uploads\/2026\/04\/14_CROMAR2025_Full-paper_final_26.pdf\">GEN Z SENTIMENT TOWARD MARKETING<\/a><\/span><br>\n\nLorena \u0160atrak, Goran Vla\u0161i\u0107, Kristijan Kelemini\u0107\t\t\t\t\t\t\t\t<\/div>\n\t\t\t\t<\/div>\n\t\t\t\t<div class=\"elementor-element elementor-element-bd621d6 elementor-widget-tablet__width-initial elementor-widget elementor-widget-text-editor\" data-id=\"bd621d6\" data-element_type=\"widget\" data-widget_type=\"text-editor.default\">\n\t\t\t\t<div class=\"elementor-widget-container\">\n\t\t\t\t\t\t\t\t\t<span style=\"color: #0000ff;\"><a style=\"color: #0000ff;\" href=\"https:\/\/cromar.fthm.hr\/wp-content\/uploads\/2026\/04\/15_CROMAR2025_Full-paper_final_9.pdf\">PACKAGING PREFERENCES AND PERISHABLE FOOD CHOICE: THE CASE OF MANGOES IN INDIA<\/a><\/span><br>\n\nSimona \u0160inko, Nupur Chakraborty, Mateja \u010cu\u010dek, Lazar Pavi\u0107\t\t\t\t\t\t\t\t<\/div>\n\t\t\t\t<\/div>\n\t\t\t\t<div class=\"elementor-element elementor-element-26a90d4 elementor-widget-tablet__width-initial elementor-widget elementor-widget-text-editor\" data-id=\"26a90d4\" data-element_type=\"widget\" data-widget_type=\"text-editor.default\">\n\t\t\t\t<div class=\"elementor-widget-container\">\n\t\t\t\t\t\t\t\t\t<span style=\"color: #0000ff;\"><a style=\"color: #0000ff;\" href=\"https:\/\/cromar.fthm.hr\/wp-content\/uploads\/2026\/04\/16_CROMAR2025_Full-paper_final_37.pdf\">APPLYING THE S-O-R MODEL TO IMPULSEBUYING BEHAVIOR: THE ROLE OF\u00a0 EMOTIONS AND GENERATIONAL DIFFERENCES<\/a><\/span><br>\n\nHelena \u0160timac, Valentina Helajz\t\t\t\t\t\t\t\t<\/div>\n\t\t\t\t<\/div>\n\t\t\t\t<div class=\"elementor-element elementor-element-2a86d8a elementor-widget-tablet__width-initial elementor-widget elementor-widget-text-editor\" data-id=\"2a86d8a\" data-element_type=\"widget\" data-widget_type=\"text-editor.default\">\n\t\t\t\t<div class=\"elementor-widget-container\">\n\t\t\t\t\t\t\t\t\t<span style=\"color: #0000ff;\"><a style=\"color: #0000ff;\" href=\"https:\/\/cromar.fthm.hr\/wp-content\/uploads\/2026\/04\/17_CROMAR2025_Full-paper_final_4.pdf\">THE IMPACT OF MUSIC TEMPO AND PRODUCT CATEGORY ON CONSUMER PERCEPTION<\/a><\/span><br>\n\nMatia Torbarina, Jasmina Dla\u010di\u0107, Doris Br\u010dinovi\u0107\t\t\t\t\t\t\t\t<\/div>\n\t\t\t\t<\/div>\n\t\t\t\t<div class=\"elementor-element elementor-element-80e79d3 elementor-widget-tablet__width-initial elementor-widget elementor-widget-text-editor\" data-id=\"80e79d3\" data-element_type=\"widget\" data-widget_type=\"text-editor.default\">\n\t\t\t\t<div class=\"elementor-widget-container\">\n\t\t\t\t\t\t\t\t\t<span style=\"color: #0000ff;\"><a style=\"color: #0000ff;\" href=\"https:\/\/cromar.fthm.hr\/wp-content\/uploads\/2026\/04\/18_CROMAR2025_Full-paper_final_22.pdf\">SECURING THE MESSAGE: AI AS THE ANCHOR OF CONFLUENCE OF CYBERSECURITY AND MARKETING INNOVATION<\/a><\/span><br>\n\nVeljko Uskokovi\u0107, Vesna Damnjanovi\u0107, Katarina Milosavljevi\u0107, Veljko Jeremi\u0107\t\t\t\t\t\t\t\t<\/div>\n\t\t\t\t<\/div>\n\t\t\t\t<div class=\"elementor-element elementor-element-29912f1 elementor-widget-tablet__width-initial elementor-widget elementor-widget-text-editor\" data-id=\"29912f1\" data-element_type=\"widget\" data-widget_type=\"text-editor.default\">\n\t\t\t\t<div class=\"elementor-widget-container\">\n\t\t\t\t\t\t\t\t\t<a href=\"https:\/\/cromar.fthm.hr\/wp-content\/uploads\/2026\/04\/19_CROMAR2025_Full-paper_final_21.pdf\"><span style=\"color: #0000ff;\">WHAT MARKETING IS (NOT)<\/span><\/a><br>\n\nMaja Vuji\u010di\u0107\t\t\t\t\t\t\t\t<\/div>\n\t\t\t\t<\/div>\n\t\t\t\t<\/div>\n\t\t<div class=\"elementor-element elementor-element-93f98f7 animated-fast e-flex e-con-boxed elementor-invisible e-con e-parent\" data-id=\"93f98f7\" data-element_type=\"container\" data-settings=\"{&quot;animation&quot;:&quot;h-neuron-animation--slideUp&quot;}\">\n\t\t\t\t\t<div class=\"e-con-inner\">\n\t\t\t\t<div class=\"elementor-element elementor-element-40b37c2 elementor-widget elementor-widget-text-editor\" data-id=\"40b37c2\" data-element_type=\"widget\" data-widget_type=\"text-editor.default\">\n\t\t\t\t<div class=\"elementor-widget-container\">\n\t\t\t\t\t\t\t\t\t<p>EAT. SLEEP. <span style=\"color: #d62222;\">MARKETING<\/span>. REPEAT<\/p>\t\t\t\t\t\t\t\t<\/div>\n\t\t\t\t<\/div>\n\t\t\t\t\t<\/div>\n\t\t\t\t<\/div>\n\t\t\t\t<\/div>\n\t\t","protected":false},"excerpt":{"rendered":"<p>CONGRESS PROCEEDINGS 29th cromar congress CONGRESS PROCEEDINGS \u2022&nbsp;First Page \u2022&nbsp;Contents Research papers STAVOVI I PONA\u0160ANJE MAJKI PRI KUPOVINI ZDRAVE HRANE Ru\u017eica Bre\u010di\u0107 HOW ENVIRONMENTALLY RESPONSIBLE ARE TOURIST IN CAMPSITES? CAMPING TOURISM EXPERIENCE, LOYALTY AND SITE-SPECIFIC ENVIRONMENTALLY RESPONSIBLE BEHAVIOUR IN CROATIA AND PORTUGAL Tihana Cegur Radovi\u0107, M\u00e1rcio Ribeiro Martins, Ivan \u0160tedulTHE ROLE OF MARKET ANALYSIS IN&#8230;<\/p>\n","protected":false},"author":1,"featured_media":0,"parent":0,"menu_order":0,"comment_status":"closed","ping_status":"closed","template":"","meta":{"footnotes":""},"class_list":["post-6797","page","type-page","status-publish","hentry"],"yoast_head":"<!-- This site is optimized with the Yoast SEO plugin v24.5 - https:\/\/yoast.com\/wordpress\/plugins\/seo\/ -->\n<title>Book Of Abstracts &amp; Congress Proceedings - CROMAR<\/title>\n<meta name=\"robots\" content=\"index, follow, max-snippet:-1, max-image-preview:large, max-video-preview:-1\" \/>\n<link rel=\"canonical\" href=\"https:\/\/cromar.fthm.hr\/index.php\/book-of-abstracts-congress-proceedings\/\" \/>\n<meta property=\"og:locale\" content=\"en_US\" \/>\n<meta property=\"og:type\" content=\"article\" \/>\n<meta property=\"og:title\" content=\"Book Of Abstracts &amp; Congress Proceedings - CROMAR\" \/>\n<meta property=\"og:description\" content=\"CONGRESS PROCEEDINGS 29th cromar congress CONGRESS PROCEEDINGS \u2022&nbsp;First Page \u2022&nbsp;Contents Research papers STAVOVI I PONA\u0160ANJE MAJKI PRI KUPOVINI ZDRAVE HRANE Ru\u017eica Bre\u010di\u0107 HOW ENVIRONMENTALLY RESPONSIBLE ARE TOURIST IN CAMPSITES? CAMPING TOURISM EXPERIENCE, LOYALTY AND SITE-SPECIFIC ENVIRONMENTALLY RESPONSIBLE BEHAVIOUR IN CROATIA AND PORTUGAL Tihana Cegur Radovi\u0107, M\u00e1rcio Ribeiro Martins, Ivan \u0160tedulTHE ROLE OF MARKET ANALYSIS IN...\" \/>\n<meta property=\"og:url\" content=\"https:\/\/cromar.fthm.hr\/index.php\/book-of-abstracts-congress-proceedings\/\" \/>\n<meta property=\"og:site_name\" content=\"CROMAR\" \/>\n<meta property=\"article:modified_time\" content=\"2026-04-13T11:51:23+00:00\" \/>\n<meta name=\"twitter:card\" content=\"summary_large_image\" \/>\n<meta name=\"twitter:label1\" content=\"Est. reading time\" \/>\n\t<meta name=\"twitter:data1\" content=\"2 minutes\" \/>\n<script type=\"application\/ld+json\" class=\"yoast-schema-graph\">{\"@context\":\"https:\/\/schema.org\",\"@graph\":[{\"@type\":\"WebPage\",\"@id\":\"https:\/\/cromar.fthm.hr\/index.php\/book-of-abstracts-congress-proceedings\/\",\"url\":\"https:\/\/cromar.fthm.hr\/index.php\/book-of-abstracts-congress-proceedings\/\",\"name\":\"Book Of Abstracts &amp; Congress Proceedings - CROMAR\",\"isPartOf\":{\"@id\":\"https:\/\/cromar.fthm.hr\/#website\"},\"datePublished\":\"2025-02-24T19:28:52+00:00\",\"dateModified\":\"2026-04-13T11:51:23+00:00\",\"breadcrumb\":{\"@id\":\"https:\/\/cromar.fthm.hr\/index.php\/book-of-abstracts-congress-proceedings\/#breadcrumb\"},\"inLanguage\":\"en-US\",\"potentialAction\":[{\"@type\":\"ReadAction\",\"target\":[\"https:\/\/cromar.fthm.hr\/index.php\/book-of-abstracts-congress-proceedings\/\"]}]},{\"@type\":\"BreadcrumbList\",\"@id\":\"https:\/\/cromar.fthm.hr\/index.php\/book-of-abstracts-congress-proceedings\/#breadcrumb\",\"itemListElement\":[{\"@type\":\"ListItem\",\"position\":1,\"name\":\"Home\",\"item\":\"https:\/\/cromar.fthm.hr\/\"},{\"@type\":\"ListItem\",\"position\":2,\"name\":\"Book Of Abstracts &amp; Congress Proceedings\"}]},{\"@type\":\"WebSite\",\"@id\":\"https:\/\/cromar.fthm.hr\/#website\",\"url\":\"https:\/\/cromar.fthm.hr\/\",\"name\":\"CROMAR\",\"description\":\"Marketing Congress 2025\",\"publisher\":{\"@id\":\"https:\/\/cromar.fthm.hr\/#organization\"},\"potentialAction\":[{\"@type\":\"SearchAction\",\"target\":{\"@type\":\"EntryPoint\",\"urlTemplate\":\"https:\/\/cromar.fthm.hr\/?s={search_term_string}\"},\"query-input\":{\"@type\":\"PropertyValueSpecification\",\"valueRequired\":true,\"valueName\":\"search_term_string\"}}],\"inLanguage\":\"en-US\"},{\"@type\":\"Organization\",\"@id\":\"https:\/\/cromar.fthm.hr\/#organization\",\"name\":\"CROMAR\",\"url\":\"https:\/\/cromar.fthm.hr\/\",\"logo\":{\"@type\":\"ImageObject\",\"inLanguage\":\"en-US\",\"@id\":\"https:\/\/cromar.fthm.hr\/#\/schema\/logo\/image\/\",\"url\":\"https:\/\/cromar.fthm.hr\/wp-content\/uploads\/2025\/02\/cropped-cromar_logo-1-1.png\",\"contentUrl\":\"https:\/\/cromar.fthm.hr\/wp-content\/uploads\/2025\/02\/cropped-cromar_logo-1-1.png\",\"width\":103,\"height\":103,\"caption\":\"CROMAR\"},\"image\":{\"@id\":\"https:\/\/cromar.fthm.hr\/#\/schema\/logo\/image\/\"}}]}<\/script>\n<!-- \/ Yoast SEO plugin. -->","yoast_head_json":{"title":"Book Of Abstracts &amp; Congress Proceedings - CROMAR","robots":{"index":"index","follow":"follow","max-snippet":"max-snippet:-1","max-image-preview":"max-image-preview:large","max-video-preview":"max-video-preview:-1"},"canonical":"https:\/\/cromar.fthm.hr\/index.php\/book-of-abstracts-congress-proceedings\/","og_locale":"en_US","og_type":"article","og_title":"Book Of Abstracts &amp; Congress Proceedings - CROMAR","og_description":"CONGRESS PROCEEDINGS 29th cromar congress CONGRESS PROCEEDINGS \u2022&nbsp;First Page \u2022&nbsp;Contents Research papers STAVOVI I PONA\u0160ANJE MAJKI PRI KUPOVINI ZDRAVE HRANE Ru\u017eica Bre\u010di\u0107 HOW ENVIRONMENTALLY RESPONSIBLE ARE TOURIST IN CAMPSITES? CAMPING TOURISM EXPERIENCE, LOYALTY AND SITE-SPECIFIC ENVIRONMENTALLY RESPONSIBLE BEHAVIOUR IN CROATIA AND PORTUGAL Tihana Cegur Radovi\u0107, M\u00e1rcio Ribeiro Martins, Ivan \u0160tedulTHE ROLE OF MARKET ANALYSIS IN...","og_url":"https:\/\/cromar.fthm.hr\/index.php\/book-of-abstracts-congress-proceedings\/","og_site_name":"CROMAR","article_modified_time":"2026-04-13T11:51:23+00:00","twitter_card":"summary_large_image","twitter_misc":{"Est. reading time":"2 minutes"},"schema":{"@context":"https:\/\/schema.org","@graph":[{"@type":"WebPage","@id":"https:\/\/cromar.fthm.hr\/index.php\/book-of-abstracts-congress-proceedings\/","url":"https:\/\/cromar.fthm.hr\/index.php\/book-of-abstracts-congress-proceedings\/","name":"Book Of Abstracts &amp; Congress Proceedings - CROMAR","isPartOf":{"@id":"https:\/\/cromar.fthm.hr\/#website"},"datePublished":"2025-02-24T19:28:52+00:00","dateModified":"2026-04-13T11:51:23+00:00","breadcrumb":{"@id":"https:\/\/cromar.fthm.hr\/index.php\/book-of-abstracts-congress-proceedings\/#breadcrumb"},"inLanguage":"en-US","potentialAction":[{"@type":"ReadAction","target":["https:\/\/cromar.fthm.hr\/index.php\/book-of-abstracts-congress-proceedings\/"]}]},{"@type":"BreadcrumbList","@id":"https:\/\/cromar.fthm.hr\/index.php\/book-of-abstracts-congress-proceedings\/#breadcrumb","itemListElement":[{"@type":"ListItem","position":1,"name":"Home","item":"https:\/\/cromar.fthm.hr\/"},{"@type":"ListItem","position":2,"name":"Book Of Abstracts &amp; Congress Proceedings"}]},{"@type":"WebSite","@id":"https:\/\/cromar.fthm.hr\/#website","url":"https:\/\/cromar.fthm.hr\/","name":"CROMAR","description":"Marketing Congress 2025","publisher":{"@id":"https:\/\/cromar.fthm.hr\/#organization"},"potentialAction":[{"@type":"SearchAction","target":{"@type":"EntryPoint","urlTemplate":"https:\/\/cromar.fthm.hr\/?s={search_term_string}"},"query-input":{"@type":"PropertyValueSpecification","valueRequired":true,"valueName":"search_term_string"}}],"inLanguage":"en-US"},{"@type":"Organization","@id":"https:\/\/cromar.fthm.hr\/#organization","name":"CROMAR","url":"https:\/\/cromar.fthm.hr\/","logo":{"@type":"ImageObject","inLanguage":"en-US","@id":"https:\/\/cromar.fthm.hr\/#\/schema\/logo\/image\/","url":"https:\/\/cromar.fthm.hr\/wp-content\/uploads\/2025\/02\/cropped-cromar_logo-1-1.png","contentUrl":"https:\/\/cromar.fthm.hr\/wp-content\/uploads\/2025\/02\/cropped-cromar_logo-1-1.png","width":103,"height":103,"caption":"CROMAR"},"image":{"@id":"https:\/\/cromar.fthm.hr\/#\/schema\/logo\/image\/"}}]}},"_links":{"self":[{"href":"https:\/\/cromar.fthm.hr\/index.php\/wp-json\/wp\/v2\/pages\/6797","targetHints":{"allow":["GET"]}}],"collection":[{"href":"https:\/\/cromar.fthm.hr\/index.php\/wp-json\/wp\/v2\/pages"}],"about":[{"href":"https:\/\/cromar.fthm.hr\/index.php\/wp-json\/wp\/v2\/types\/page"}],"author":[{"embeddable":true,"href":"https:\/\/cromar.fthm.hr\/index.php\/wp-json\/wp\/v2\/users\/1"}],"replies":[{"embeddable":true,"href":"https:\/\/cromar.fthm.hr\/index.php\/wp-json\/wp\/v2\/comments?post=6797"}],"version-history":[{"count":295,"href":"https:\/\/cromar.fthm.hr\/index.php\/wp-json\/wp\/v2\/pages\/6797\/revisions"}],"predecessor-version":[{"id":7762,"href":"https:\/\/cromar.fthm.hr\/index.php\/wp-json\/wp\/v2\/pages\/6797\/revisions\/7762"}],"wp:attachment":[{"href":"https:\/\/cromar.fthm.hr\/index.php\/wp-json\/wp\/v2\/media?parent=6797"}],"curies":[{"name":"wp","href":"https:\/\/api.w.org\/{rel}","templated":true}]}}