{"id":5735,"date":"2025-02-20T20:01:18","date_gmt":"2025-02-20T20:01:18","guid":{"rendered":"https:\/\/srv22.fthm.hr\/cromar\/?page_id=5735"},"modified":"2025-02-25T12:06:41","modified_gmt":"2025-02-25T12:06:41","slug":"editors-in-chief","status":"publish","type":"page","link":"https:\/\/cromar.fthm.hr\/index.php\/editors-in-chief\/","title":{"rendered":"Editors in chief"},"content":{"rendered":"\t\t<div data-elementor-type=\"wp-page\" data-elementor-id=\"5735\" class=\"elementor elementor-5735\">\n\t\t\t\t<div class=\"elementor-element elementor-element-42748da animated-fast e-flex e-con-boxed elementor-invisible e-con e-parent\" data-id=\"42748da\" data-element_type=\"container\" data-settings=\"{&quot;background_background&quot;:&quot;classic&quot;,&quot;animation&quot;:&quot;h-neuron-animation--slideUp&quot;}\">\n\t\t\t\t\t<div class=\"e-con-inner\">\n\t\t\t\t<div class=\"elementor-element elementor-element-8f5c64b elementor-widget elementor-widget-heading\" data-id=\"8f5c64b\" data-element_type=\"widget\" data-widget_type=\"heading.default\">\n\t\t\t\t<div class=\"elementor-widget-container\">\n\t\t\t\t\t<h2 class=\"elementor-heading-title elementor-size-default\">ABout the congress<\/h2>\t\t\t\t<\/div>\n\t\t\t\t<\/div>\n\t\t\t\t<div class=\"elementor-element elementor-element-e26603c elementor-widget elementor-widget-heading\" data-id=\"e26603c\" data-element_type=\"widget\" data-widget_type=\"heading.default\">\n\t\t\t\t<div class=\"elementor-widget-container\">\n\t\t\t\t\t<h2 class=\"elementor-heading-title elementor-size-default\">29th cromar congress<\/h2>\t\t\t\t<\/div>\n\t\t\t\t<\/div>\n\t\t\t\t\t<\/div>\n\t\t\t\t<\/div>\n\t\t<div class=\"elementor-element elementor-element-858954f e-flex e-con-boxed e-con e-parent\" data-id=\"858954f\" data-element_type=\"container\">\n\t\t\t\t\t<div class=\"e-con-inner\">\n\t\t\t\t<div class=\"elementor-element elementor-element-7310708 elementor-widget elementor-widget-heading\" data-id=\"7310708\" data-element_type=\"widget\" data-widget_type=\"heading.default\">\n\t\t\t\t<div class=\"elementor-widget-container\">\n\t\t\t\t\t<h2 class=\"elementor-heading-title elementor-size-default\">Editors in chief<\/h2>\t\t\t\t<\/div>\n\t\t\t\t<\/div>\n\t\t\t\t\t<\/div>\n\t\t\t\t<\/div>\n\t\t<div class=\"elementor-element elementor-element-fdba823 e-flex e-con-boxed e-con e-parent\" data-id=\"fdba823\" data-element_type=\"container\">\n\t\t\t\t\t<div class=\"e-con-inner\">\n\t\t<div class=\"elementor-element elementor-element-03125f7 e-con-full e-flex e-con e-child\" data-id=\"03125f7\" data-element_type=\"container\">\n\t\t\t\t<div class=\"elementor-element elementor-element-88b9c51 elementor-widget elementor-widget-image\" data-id=\"88b9c51\" data-element_type=\"widget\" data-widget_type=\"image.default\">\n\t\t\t\t<div class=\"elementor-widget-container\">\n\t\t\t\t\t\t\t\t\t\t\t\t\t\t\t<img decoding=\"async\" src=\"https:\/\/cromar.fthm.hr\/wp-content\/uploads\/elementor\/thumbs\/225-jasmina-dlacic-4260180839-r1ssh2s6ztqc5hprhp561g7q7mgddxoucjc2xzzwvk.jpeg\" title=\"225-jasmina-dlacic-4260180839\" alt=\"225-jasmina-dlacic-4260180839\" loading=\"lazy\" \/>\t\t\t\t\t\t\t\t\t\t\t\t\t\t\t<\/div>\n\t\t\t\t<\/div>\n\t\t\t\t<\/div>\n\t\t<div class=\"elementor-element elementor-element-0b9835e e-con-full e-flex e-con e-child\" data-id=\"0b9835e\" data-element_type=\"container\">\n\t\t\t\t<div class=\"elementor-element elementor-element-238161f elementor-widget elementor-widget-text-editor\" data-id=\"238161f\" data-element_type=\"widget\" data-widget_type=\"text-editor.default\">\n\t\t\t\t<div class=\"elementor-widget-container\">\n\t\t\t\t\t\t\t\t\t<h5><strong>Dla\u010di\u0107<\/strong> Jasmina<\/h5><p><strong>University of Rijeka, Faculty of Economica and Business in Rijeka, Croatia<\/strong><\/p>\t\t\t\t\t\t\t\t<\/div>\n\t\t\t\t<\/div>\n\t\t\t\t<\/div>\n\t\t\t\t\t<\/div>\n\t\t\t\t<\/div>\n\t\t<div class=\"elementor-element elementor-element-25bf17c e-flex e-con-boxed e-con e-parent\" data-id=\"25bf17c\" data-element_type=\"container\">\n\t\t\t\t\t<div class=\"e-con-inner\">\n\t\t<div class=\"elementor-element elementor-element-b24a2ae e-con-full e-flex e-con e-child\" data-id=\"b24a2ae\" data-element_type=\"container\">\n\t\t\t\t<div class=\"elementor-element elementor-element-eba646f elementor-widget elementor-widget-image\" data-id=\"eba646f\" data-element_type=\"widget\" data-widget_type=\"image.default\">\n\t\t\t\t<div class=\"elementor-widget-container\">\n\t\t\t\t\t\t\t\t\t\t\t\t\t\t\t<img decoding=\"async\" src=\"https:\/\/cromar.fthm.hr\/wp-content\/uploads\/elementor\/thumbs\/basan_lorena-r1ssxrf2aykk8bhb2errsqn9su7x0ixbn47clt9cfk.jpg\" title=\"basan_lorena\" alt=\"basan_lorena\" loading=\"lazy\" \/>\t\t\t\t\t\t\t\t\t\t\t\t\t\t\t<\/div>\n\t\t\t\t<\/div>\n\t\t\t\t<\/div>\n\t\t<div class=\"elementor-element elementor-element-88b003a e-con-full e-flex e-con e-child\" data-id=\"88b003a\" data-element_type=\"container\">\n\t\t\t\t<div class=\"elementor-element elementor-element-fcaefb3 elementor-widget elementor-widget-text-editor\" data-id=\"fcaefb3\" data-element_type=\"widget\" data-widget_type=\"text-editor.default\">\n\t\t\t\t<div class=\"elementor-widget-container\">\n\t\t\t\t\t\t\t\t\t<h5><strong>Ba\u0161an<\/strong> Lorena<\/h5><p><strong>University of Rijeka, Faculty of Tourism and Hospitality Management, Croatia<\/strong><\/p>\t\t\t\t\t\t\t\t<\/div>\n\t\t\t\t<\/div>\n\t\t\t\t<\/div>\n\t\t\t\t\t<\/div>\n\t\t\t\t<\/div>\n\t\t<div class=\"elementor-element elementor-element-a1210ef e-flex e-con-boxed e-con e-parent\" data-id=\"a1210ef\" data-element_type=\"container\">\n\t\t\t\t\t<div class=\"e-con-inner\">\n\t\t<div class=\"elementor-element elementor-element-f37c3db e-con-full e-flex e-con e-child\" data-id=\"f37c3db\" data-element_type=\"container\">\n\t\t\t\t<div class=\"elementor-element elementor-element-362218c elementor-widget elementor-widget-image\" data-id=\"362218c\" data-element_type=\"widget\" data-widget_type=\"image.default\">\n\t\t\t\t<div class=\"elementor-widget-container\">\n\t\t\t\t\t\t\t\t\t\t\t\t\t\t\t<img decoding=\"async\" src=\"https:\/\/cromar.fthm.hr\/wp-content\/uploads\/elementor\/thumbs\/perisic_prodan_marina-r1st5etrxf1kq2d9e7tglb5buqignuaoczcm7vwzsg.jpg\" title=\"perisic_prodan_marina\" alt=\"perisic_prodan_marina\" loading=\"lazy\" \/>\t\t\t\t\t\t\t\t\t\t\t\t\t\t\t<\/div>\n\t\t\t\t<\/div>\n\t\t\t\t<\/div>\n\t\t<div class=\"elementor-element elementor-element-dee60c3 e-con-full e-flex e-con e-child\" data-id=\"dee60c3\" data-element_type=\"container\">\n\t\t\t\t<div class=\"elementor-element elementor-element-851d42d elementor-widget elementor-widget-text-editor\" data-id=\"851d42d\" data-element_type=\"widget\" data-widget_type=\"text-editor.default\">\n\t\t\t\t<div class=\"elementor-widget-container\">\n\t\t\t\t\t\t\t\t\t<h5><strong>Peri\u0161i\u0107 Prodan<\/strong> Marina<\/h5><p><strong>University of Rijeka, Faculty of Tourism and Hospitality Management, Croatia<\/strong><\/p>\t\t\t\t\t\t\t\t<\/div>\n\t\t\t\t<\/div>\n\t\t\t\t<\/div>\n\t\t\t\t\t<\/div>\n\t\t\t\t<\/div>\n\t\t<div class=\"elementor-element elementor-element-4c16673 e-flex e-con-boxed e-con e-parent\" data-id=\"4c16673\" data-element_type=\"container\">\n\t\t\t\t\t<div class=\"e-con-inner\">\n\t\t<div class=\"elementor-element elementor-element-f1a90cf e-con-full e-flex e-con e-child\" data-id=\"f1a90cf\" data-element_type=\"container\">\n\t\t\t\t<div class=\"elementor-element elementor-element-cd3434e elementor-widget elementor-widget-image\" data-id=\"cd3434e\" data-element_type=\"widget\" data-widget_type=\"image.default\">\n\t\t\t\t<div class=\"elementor-widget-container\">\n\t\t\t\t\t\t\t\t\t\t\t\t\t\t\t<img decoding=\"async\" src=\"https:\/\/cromar.fthm.hr\/wp-content\/uploads\/elementor\/thumbs\/ivana-first-komen-r1xwaekongcqyhoey2ornl9qtmhmjo0s59mmxgf4fk.jpg\" title=\"ivana first komen\" alt=\"ivana first komen\" loading=\"lazy\" \/>\t\t\t\t\t\t\t\t\t\t\t\t\t\t\t<\/div>\n\t\t\t\t<\/div>\n\t\t\t\t<\/div>\n\t\t<div class=\"elementor-element elementor-element-45619af e-con-full e-flex e-con e-child\" data-id=\"45619af\" data-element_type=\"container\">\n\t\t\t\t<div class=\"elementor-element elementor-element-b7ffae7 elementor-widget elementor-widget-text-editor\" data-id=\"b7ffae7\" data-element_type=\"widget\" data-widget_type=\"text-editor.default\">\n\t\t\t\t<div class=\"elementor-widget-container\">\n\t\t\t\t\t\t\t\t\t<h5><strong>First Komen<\/strong> Ivana<\/h5><p><strong>University of Rijeka, Faculty of Economica and Business in Rijeka, Croatia<\/strong><\/p>\t\t\t\t\t\t\t\t<\/div>\n\t\t\t\t<\/div>\n\t\t\t\t<\/div>\n\t\t\t\t\t<\/div>\n\t\t\t\t<\/div>\n\t\t<div class=\"elementor-element elementor-element-b277c91 e-con-full animated-fast e-flex elementor-invisible e-con e-child\" data-id=\"b277c91\" data-element_type=\"container\" data-settings=\"{&quot;animation&quot;:&quot;h-neuron-animation--slideUp&quot;}\">\n\t\t\t\t<div class=\"elementor-element elementor-element-b9e4285 elementor-widget elementor-widget-neuron-scrolling-text\" data-id=\"b9e4285\" data-element_type=\"widget\" data-widget_type=\"neuron-scrolling-text.default\">\n\t\t\t\t<div class=\"elementor-widget-container\">\n\t\t\t\t\t            <div class=\"a-scrolling-text\">\r\n                <div class=\"a-scrolling-text__inner\">\r\n                    <h2 class=\"elementor-heading-title elementor-size-default\">\u2726 29th cromar congress \u2726 November 13 and 14, 2025<\/h2><h2 class=\"elementor-heading-title elementor-size-default\">\u2726 29th cromar congress \u2726 November 13 and 14, 2025<\/h2><h2 class=\"elementor-heading-title elementor-size-default\">\u2726 29th cromar congress \u2726 November 13 and 14, 2025<\/h2><h2 class=\"elementor-heading-title elementor-size-default\">\u2726 29th cromar congress \u2726 November 13 and 14, 2025<\/h2><h2 class=\"elementor-heading-title elementor-size-default\">\u2726 29th cromar congress \u2726 November 13 and 14, 2025<\/h2><h2 class=\"elementor-heading-title elementor-size-default\">\u2726 29th cromar congress \u2726 November 13 and 14, 2025<\/h2>                <\/div>\r\n            <\/div>\r\n        \t\t\t\t<\/div>\n\t\t\t\t<\/div>\n\t\t\t\t<\/div>\n\t\t<div class=\"elementor-element elementor-element-178db04 animated-fast e-flex e-con-boxed elementor-invisible e-con e-parent\" data-id=\"178db04\" data-element_type=\"container\" data-settings=\"{&quot;animation&quot;:&quot;h-neuron-animation--slideUp&quot;}\">\n\t\t\t\t\t<div class=\"e-con-inner\">\n\t\t\t\t<div class=\"elementor-element elementor-element-b463c95 elementor-widget elementor-widget-text-editor\" data-id=\"b463c95\" data-element_type=\"widget\" data-widget_type=\"text-editor.default\">\n\t\t\t\t<div class=\"elementor-widget-container\">\n\t\t\t\t\t\t\t\t\t<p>EAT. SLEEP. <span style=\"color: #d62222;\">MARKETING<\/span>. REPEAT<\/p>\t\t\t\t\t\t\t\t<\/div>\n\t\t\t\t<\/div>\n\t\t\t\t\t<\/div>\n\t\t\t\t<\/div>\n\t\t\t\t<\/div>\n\t\t","protected":false},"excerpt":{"rendered":"<p>ABout the congress 29th cromar congress Editors in chief Dla\u010di\u0107 Jasmina University of Rijeka, Faculty of Economica and Business in Rijeka, Croatia Ba\u0161an Lorena University of Rijeka, Faculty of Tourism and Hospitality Management, Croatia Peri\u0161i\u0107 Prodan Marina University of Rijeka, Faculty of Tourism and Hospitality Management, Croatia First Komen Ivana University of Rijeka, Faculty of&#8230;<\/p>\n","protected":false},"author":1,"featured_media":0,"parent":0,"menu_order":0,"comment_status":"closed","ping_status":"closed","template":"","meta":{"footnotes":""},"class_list":["post-5735","page","type-page","status-publish","hentry"],"yoast_head":"<!-- This site is optimized with the Yoast SEO plugin v24.5 - https:\/\/yoast.com\/wordpress\/plugins\/seo\/ -->\n<title>Editors in chief - CROMAR<\/title>\n<meta name=\"robots\" content=\"index, follow, max-snippet:-1, max-image-preview:large, max-video-preview:-1\" \/>\n<link rel=\"canonical\" href=\"https:\/\/cromar.fthm.hr\/index.php\/editors-in-chief\/\" \/>\n<meta property=\"og:locale\" content=\"en_US\" \/>\n<meta property=\"og:type\" content=\"article\" \/>\n<meta property=\"og:title\" content=\"Editors in chief - CROMAR\" \/>\n<meta property=\"og:description\" content=\"ABout the congress 29th cromar congress Editors in chief Dla\u010di\u0107 Jasmina University of Rijeka, Faculty of Economica and Business in Rijeka, Croatia Ba\u0161an Lorena University of Rijeka, Faculty of Tourism and Hospitality Management, Croatia Peri\u0161i\u0107 Prodan Marina University of Rijeka, Faculty of Tourism and Hospitality Management, Croatia First Komen Ivana University of Rijeka, Faculty of...\" \/>\n<meta property=\"og:url\" content=\"https:\/\/cromar.fthm.hr\/index.php\/editors-in-chief\/\" \/>\n<meta property=\"og:site_name\" content=\"CROMAR\" \/>\n<meta property=\"article:modified_time\" content=\"2025-02-25T12:06:41+00:00\" \/>\n<meta property=\"og:image\" content=\"https:\/\/srv22.fthm.hr\/cromar\/wp-content\/uploads\/elementor\/thumbs\/225-jasmina-dlacic-4260180839-r1ssh2s6ztqc5hprhp561g7q7mgddxoucjc2xzzwvk.jpeg\" \/>\n<meta name=\"twitter:card\" content=\"summary_large_image\" \/>\n<script type=\"application\/ld+json\" class=\"yoast-schema-graph\">{\"@context\":\"https:\/\/schema.org\",\"@graph\":[{\"@type\":\"WebPage\",\"@id\":\"https:\/\/cromar.fthm.hr\/index.php\/editors-in-chief\/\",\"url\":\"https:\/\/cromar.fthm.hr\/index.php\/editors-in-chief\/\",\"name\":\"Editors in chief - CROMAR\",\"isPartOf\":{\"@id\":\"https:\/\/cromar.fthm.hr\/#website\"},\"primaryImageOfPage\":{\"@id\":\"https:\/\/cromar.fthm.hr\/index.php\/editors-in-chief\/#primaryimage\"},\"image\":{\"@id\":\"https:\/\/cromar.fthm.hr\/index.php\/editors-in-chief\/#primaryimage\"},\"thumbnailUrl\":\"https:\/\/srv22.fthm.hr\/cromar\/wp-content\/uploads\/elementor\/thumbs\/225-jasmina-dlacic-4260180839-r1ssh2s6ztqc5hprhp561g7q7mgddxoucjc2xzzwvk.jpeg\",\"datePublished\":\"2025-02-20T20:01:18+00:00\",\"dateModified\":\"2025-02-25T12:06:41+00:00\",\"breadcrumb\":{\"@id\":\"https:\/\/cromar.fthm.hr\/index.php\/editors-in-chief\/#breadcrumb\"},\"inLanguage\":\"en-US\",\"potentialAction\":[{\"@type\":\"ReadAction\",\"target\":[\"https:\/\/cromar.fthm.hr\/index.php\/editors-in-chief\/\"]}]},{\"@type\":\"ImageObject\",\"inLanguage\":\"en-US\",\"@id\":\"https:\/\/cromar.fthm.hr\/index.php\/editors-in-chief\/#primaryimage\",\"url\":\"https:\/\/srv22.fthm.hr\/cromar\/wp-content\/uploads\/elementor\/thumbs\/225-jasmina-dlacic-4260180839-r1ssh2s6ztqc5hprhp561g7q7mgddxoucjc2xzzwvk.jpeg\",\"contentUrl\":\"https:\/\/srv22.fthm.hr\/cromar\/wp-content\/uploads\/elementor\/thumbs\/225-jasmina-dlacic-4260180839-r1ssh2s6ztqc5hprhp561g7q7mgddxoucjc2xzzwvk.jpeg\"},{\"@type\":\"BreadcrumbList\",\"@id\":\"https:\/\/cromar.fthm.hr\/index.php\/editors-in-chief\/#breadcrumb\",\"itemListElement\":[{\"@type\":\"ListItem\",\"position\":1,\"name\":\"Home\",\"item\":\"https:\/\/cromar.fthm.hr\/\"},{\"@type\":\"ListItem\",\"position\":2,\"name\":\"Editors in chief\"}]},{\"@type\":\"WebSite\",\"@id\":\"https:\/\/cromar.fthm.hr\/#website\",\"url\":\"https:\/\/cromar.fthm.hr\/\",\"name\":\"CROMAR\",\"description\":\"Marketing Congress 2025\",\"publisher\":{\"@id\":\"https:\/\/cromar.fthm.hr\/#organization\"},\"potentialAction\":[{\"@type\":\"SearchAction\",\"target\":{\"@type\":\"EntryPoint\",\"urlTemplate\":\"https:\/\/cromar.fthm.hr\/?s={search_term_string}\"},\"query-input\":{\"@type\":\"PropertyValueSpecification\",\"valueRequired\":true,\"valueName\":\"search_term_string\"}}],\"inLanguage\":\"en-US\"},{\"@type\":\"Organization\",\"@id\":\"https:\/\/cromar.fthm.hr\/#organization\",\"name\":\"CROMAR\",\"url\":\"https:\/\/cromar.fthm.hr\/\",\"logo\":{\"@type\":\"ImageObject\",\"inLanguage\":\"en-US\",\"@id\":\"https:\/\/cromar.fthm.hr\/#\/schema\/logo\/image\/\",\"url\":\"https:\/\/cromar.fthm.hr\/wp-content\/uploads\/2025\/02\/cropped-cromar_logo-1-1.png\",\"contentUrl\":\"https:\/\/cromar.fthm.hr\/wp-content\/uploads\/2025\/02\/cropped-cromar_logo-1-1.png\",\"width\":103,\"height\":103,\"caption\":\"CROMAR\"},\"image\":{\"@id\":\"https:\/\/cromar.fthm.hr\/#\/schema\/logo\/image\/\"}}]}<\/script>\n<!-- \/ Yoast SEO plugin. -->","yoast_head_json":{"title":"Editors in chief - CROMAR","robots":{"index":"index","follow":"follow","max-snippet":"max-snippet:-1","max-image-preview":"max-image-preview:large","max-video-preview":"max-video-preview:-1"},"canonical":"https:\/\/cromar.fthm.hr\/index.php\/editors-in-chief\/","og_locale":"en_US","og_type":"article","og_title":"Editors in chief - CROMAR","og_description":"ABout the congress 29th cromar congress Editors in chief Dla\u010di\u0107 Jasmina University of Rijeka, Faculty of Economica and Business in Rijeka, Croatia Ba\u0161an Lorena University of Rijeka, Faculty of Tourism and Hospitality Management, Croatia Peri\u0161i\u0107 Prodan Marina University of Rijeka, Faculty of Tourism and Hospitality Management, Croatia First Komen Ivana University of Rijeka, Faculty of...","og_url":"https:\/\/cromar.fthm.hr\/index.php\/editors-in-chief\/","og_site_name":"CROMAR","article_modified_time":"2025-02-25T12:06:41+00:00","og_image":[{"url":"https:\/\/srv22.fthm.hr\/cromar\/wp-content\/uploads\/elementor\/thumbs\/225-jasmina-dlacic-4260180839-r1ssh2s6ztqc5hprhp561g7q7mgddxoucjc2xzzwvk.jpeg","type":"","width":"","height":""}],"twitter_card":"summary_large_image","schema":{"@context":"https:\/\/schema.org","@graph":[{"@type":"WebPage","@id":"https:\/\/cromar.fthm.hr\/index.php\/editors-in-chief\/","url":"https:\/\/cromar.fthm.hr\/index.php\/editors-in-chief\/","name":"Editors in chief - CROMAR","isPartOf":{"@id":"https:\/\/cromar.fthm.hr\/#website"},"primaryImageOfPage":{"@id":"https:\/\/cromar.fthm.hr\/index.php\/editors-in-chief\/#primaryimage"},"image":{"@id":"https:\/\/cromar.fthm.hr\/index.php\/editors-in-chief\/#primaryimage"},"thumbnailUrl":"https:\/\/srv22.fthm.hr\/cromar\/wp-content\/uploads\/elementor\/thumbs\/225-jasmina-dlacic-4260180839-r1ssh2s6ztqc5hprhp561g7q7mgddxoucjc2xzzwvk.jpeg","datePublished":"2025-02-20T20:01:18+00:00","dateModified":"2025-02-25T12:06:41+00:00","breadcrumb":{"@id":"https:\/\/cromar.fthm.hr\/index.php\/editors-in-chief\/#breadcrumb"},"inLanguage":"en-US","potentialAction":[{"@type":"ReadAction","target":["https:\/\/cromar.fthm.hr\/index.php\/editors-in-chief\/"]}]},{"@type":"ImageObject","inLanguage":"en-US","@id":"https:\/\/cromar.fthm.hr\/index.php\/editors-in-chief\/#primaryimage","url":"https:\/\/srv22.fthm.hr\/cromar\/wp-content\/uploads\/elementor\/thumbs\/225-jasmina-dlacic-4260180839-r1ssh2s6ztqc5hprhp561g7q7mgddxoucjc2xzzwvk.jpeg","contentUrl":"https:\/\/srv22.fthm.hr\/cromar\/wp-content\/uploads\/elementor\/thumbs\/225-jasmina-dlacic-4260180839-r1ssh2s6ztqc5hprhp561g7q7mgddxoucjc2xzzwvk.jpeg"},{"@type":"BreadcrumbList","@id":"https:\/\/cromar.fthm.hr\/index.php\/editors-in-chief\/#breadcrumb","itemListElement":[{"@type":"ListItem","position":1,"name":"Home","item":"https:\/\/cromar.fthm.hr\/"},{"@type":"ListItem","position":2,"name":"Editors in chief"}]},{"@type":"WebSite","@id":"https:\/\/cromar.fthm.hr\/#website","url":"https:\/\/cromar.fthm.hr\/","name":"CROMAR","description":"Marketing Congress 2025","publisher":{"@id":"https:\/\/cromar.fthm.hr\/#organization"},"potentialAction":[{"@type":"SearchAction","target":{"@type":"EntryPoint","urlTemplate":"https:\/\/cromar.fthm.hr\/?s={search_term_string}"},"query-input":{"@type":"PropertyValueSpecification","valueRequired":true,"valueName":"search_term_string"}}],"inLanguage":"en-US"},{"@type":"Organization","@id":"https:\/\/cromar.fthm.hr\/#organization","name":"CROMAR","url":"https:\/\/cromar.fthm.hr\/","logo":{"@type":"ImageObject","inLanguage":"en-US","@id":"https:\/\/cromar.fthm.hr\/#\/schema\/logo\/image\/","url":"https:\/\/cromar.fthm.hr\/wp-content\/uploads\/2025\/02\/cropped-cromar_logo-1-1.png","contentUrl":"https:\/\/cromar.fthm.hr\/wp-content\/uploads\/2025\/02\/cropped-cromar_logo-1-1.png","width":103,"height":103,"caption":"CROMAR"},"image":{"@id":"https:\/\/cromar.fthm.hr\/#\/schema\/logo\/image\/"}}]}},"_links":{"self":[{"href":"https:\/\/cromar.fthm.hr\/index.php\/wp-json\/wp\/v2\/pages\/5735","targetHints":{"allow":["GET"]}}],"collection":[{"href":"https:\/\/cromar.fthm.hr\/index.php\/wp-json\/wp\/v2\/pages"}],"about":[{"href":"https:\/\/cromar.fthm.hr\/index.php\/wp-json\/wp\/v2\/types\/page"}],"author":[{"embeddable":true,"href":"https:\/\/cromar.fthm.hr\/index.php\/wp-json\/wp\/v2\/users\/1"}],"replies":[{"embeddable":true,"href":"https:\/\/cromar.fthm.hr\/index.php\/wp-json\/wp\/v2\/comments?post=5735"}],"version-history":[{"count":109,"href":"https:\/\/cromar.fthm.hr\/index.php\/wp-json\/wp\/v2\/pages\/5735\/revisions"}],"predecessor-version":[{"id":7083,"href":"https:\/\/cromar.fthm.hr\/index.php\/wp-json\/wp\/v2\/pages\/5735\/revisions\/7083"}],"wp:attachment":[{"href":"https:\/\/cromar.fthm.hr\/index.php\/wp-json\/wp\/v2\/media?parent=5735"}],"curies":[{"name":"wp","href":"https:\/\/api.w.org\/{rel}","templated":true}]}}